{"id":87,"date":"2025-01-11T14:11:58","date_gmt":"2025-01-11T17:11:58","guid":{"rendered":"https:\/\/jrdcomex.com.br\/?page_id=87"},"modified":"2025-05-15T14:13:47","modified_gmt":"2025-05-15T17:13:47","slug":"solucoes","status":"publish","type":"page","link":"https:\/\/jrdcomex.com.br\/index.php\/solucoes\/","title":{"rendered":"Solu\u00e7\u00f5es"},"content":{"rendered":"\t\t<div data-elementor-type=\"wp-page\" data-elementor-id=\"87\" class=\"elementor elementor-87\" data-elementor-post-type=\"page\">\n\t\t\t\t<div class=\"elementor-element elementor-element-ab6536d e-flex e-con-boxed e-con e-parent\" data-id=\"ab6536d\" data-element_type=\"container\" data-e-type=\"container\" data-settings=\"{&quot;background_background&quot;:&quot;classic&quot;}\">\n\t\t\t\t\t<div class=\"e-con-inner\">\n\t\t\t\t<div class=\"elementor-element elementor-element-891ed0f elementor-widget elementor-widget-heading\" data-id=\"891ed0f\" data-element_type=\"widget\" data-e-type=\"widget\" data-widget_type=\"heading.default\">\n\t\t\t\t<div class=\"elementor-widget-container\">\n\t\t\t\t\t<h2 class=\"elementor-heading-title elementor-size-default\">SOLU\u00c7\u00d5ES<\/h2>\t\t\t\t<\/div>\n\t\t\t\t<\/div>\n\t\t\t\t<div class=\"elementor-element elementor-element-639f848 elementor-widget elementor-widget-heading\" data-id=\"639f848\" data-element_type=\"widget\" data-e-type=\"widget\" data-widget_type=\"heading.default\">\n\t\t\t\t<div class=\"elementor-widget-container\">\n\t\t\t\t\t<h2 class=\"elementor-heading-title elementor-size-default\">Importa\u00e7\u00e3o e Exporta\u00e7\u00e3o<\/h2>\t\t\t\t<\/div>\n\t\t\t\t<\/div>\n\t\t\t\t\t<\/div>\n\t\t\t\t<\/div>\n\t\t<div class=\"elementor-element elementor-element-855eb52 e-flex e-con-boxed e-con e-parent\" data-id=\"855eb52\" data-element_type=\"container\" data-e-type=\"container\">\n\t\t\t\t\t<div class=\"e-con-inner\">\n\t\t\t\t<div class=\"elementor-element elementor-element-15d9e72 elementor-widget__width-initial elementor-widget elementor-widget-text-editor\" data-id=\"15d9e72\" data-element_type=\"widget\" data-e-type=\"widget\" data-widget_type=\"text-editor.default\">\n\t\t\t\t<div class=\"elementor-widget-container\">\n\t\t\t\t\t\t\t\t\t<p>Veja as solu\u00e7\u00f5es completas e personalizadas que a JRD, garantindo <strong data-start=\"167\" data-end=\"213\" data-is-only-node=\"\">efici\u00eancia, agilidade e total conformidade<\/strong> com as normas vigentes.<\/p>\t\t\t\t\t\t\t\t<\/div>\n\t\t\t\t<\/div>\n\t\t<div class=\"elementor-element elementor-element-37ba3e8 e-con-full e-flex e-con e-child\" data-id=\"37ba3e8\" data-element_type=\"container\" data-e-type=\"container\">\n\t\t<div class=\"elementor-element elementor-element-e8465b7 e-con-full e-flex e-con e-child\" data-id=\"e8465b7\" data-element_type=\"container\" data-e-type=\"container\">\n\t\t\t\t<div class=\"elementor-element elementor-element-6eb95a5 elementor-widget elementor-widget-image\" data-id=\"6eb95a5\" data-element_type=\"widget\" data-e-type=\"widget\" data-widget_type=\"image.default\">\n\t\t\t\t<div class=\"elementor-widget-container\">\n\t\t\t\t\t\t\t\t\t\t\t\t\t\t\t<img fetchpriority=\"high\" decoding=\"async\" width=\"600\" height=\"250\" src=\"https:\/\/jrdcomex.com.br\/wp-content\/uploads\/2025\/03\/img-exportacao.jpg\" class=\"attachment-large size-large wp-image-481\" alt=\"\" srcset=\"https:\/\/jrdcomex.com.br\/wp-content\/uploads\/2025\/03\/img-exportacao.jpg 600w, https:\/\/jrdcomex.com.br\/wp-content\/uploads\/2025\/03\/img-exportacao-300x125.jpg 300w\" sizes=\"(max-width: 600px) 100vw, 600px\" \/>\t\t\t\t\t\t\t\t\t\t\t\t\t\t\t<\/div>\n\t\t\t\t<\/div>\n\t\t\t\t<div class=\"elementor-element elementor-element-a6958a2 elementor-widget-mobile__width-initial elementor-widget elementor-widget-heading\" data-id=\"a6958a2\" data-element_type=\"widget\" data-e-type=\"widget\" data-widget_type=\"heading.default\">\n\t\t\t\t<div class=\"elementor-widget-container\">\n\t\t\t\t\t<h2 class=\"elementor-heading-title elementor-size-default\">Leve Seu Neg\u00f3cio para o Mundo com a JRD!<\/h2>\t\t\t\t<\/div>\n\t\t\t\t<\/div>\n\t\t\t\t<div class=\"elementor-element elementor-element-52c944a elementor-widget__width-initial elementor-widget elementor-widget-text-editor\" data-id=\"52c944a\" data-element_type=\"widget\" data-e-type=\"widget\" data-widget_type=\"text-editor.default\">\n\t\t\t\t<div class=\"elementor-widget-container\">\n\t\t\t\t\t\t\t\t\t<p>Expandir suas vendas para o mercado internacional nunca foi t\u00e3o f\u00e1cil. Cuidamos de toda a burocracia para que sua exporta\u00e7\u00e3o seja <strong data-start=\"547\" data-end=\"584\">r\u00e1pida, segura e sem complica\u00e7\u00f5es<\/strong>.<\/p>\t\t\t\t\t\t\t\t<\/div>\n\t\t\t\t<\/div>\n\t\t\t\t<div class=\"elementor-element elementor-element-4b272a9 elementor-align-left elementor-widget__width-initial elementor-widget elementor-widget-button\" data-id=\"4b272a9\" data-element_type=\"widget\" data-e-type=\"widget\" data-widget_type=\"button.default\">\n\t\t\t\t<div class=\"elementor-widget-container\">\n\t\t\t\t\t\t\t\t\t<div class=\"elementor-button-wrapper\">\n\t\t\t\t\t<a class=\"elementor-button elementor-button-link elementor-size-sm\" href=\"https:\/\/jrdcomex.com.br\/index.php\/exportacao\/\">\n\t\t\t\t\t\t<span class=\"elementor-button-content-wrapper\">\n\t\t\t\t\t\t\t\t\t<span class=\"elementor-button-text\">Saiba mais sobre exporta\u00e7\u00e3o<\/span>\n\t\t\t\t\t<\/span>\n\t\t\t\t\t<\/a>\n\t\t\t\t<\/div>\n\t\t\t\t\t\t\t\t<\/div>\n\t\t\t\t<\/div>\n\t\t\t\t<\/div>\n\t\t<div class=\"elementor-element elementor-element-48cd7a4 e-con-full e-flex e-con e-child\" data-id=\"48cd7a4\" data-element_type=\"container\" data-e-type=\"container\">\n\t\t\t\t<div class=\"elementor-element elementor-element-fe35c11 elementor-widget elementor-widget-image\" data-id=\"fe35c11\" data-element_type=\"widget\" data-e-type=\"widget\" data-widget_type=\"image.default\">\n\t\t\t\t<div class=\"elementor-widget-container\">\n\t\t\t\t\t\t\t\t\t\t\t\t\t\t\t<img decoding=\"async\" width=\"600\" height=\"250\" src=\"https:\/\/jrdcomex.com.br\/wp-content\/uploads\/2025\/03\/img-importacao.jpg\" class=\"attachment-large size-large wp-image-482\" alt=\"\" srcset=\"https:\/\/jrdcomex.com.br\/wp-content\/uploads\/2025\/03\/img-importacao.jpg 600w, https:\/\/jrdcomex.com.br\/wp-content\/uploads\/2025\/03\/img-importacao-300x125.jpg 300w\" sizes=\"(max-width: 600px) 100vw, 600px\" \/>\t\t\t\t\t\t\t\t\t\t\t\t\t\t\t<\/div>\n\t\t\t\t<\/div>\n\t\t\t\t<div class=\"elementor-element elementor-element-e6fde25 elementor-widget-mobile__width-initial elementor-widget elementor-widget-heading\" data-id=\"e6fde25\" data-element_type=\"widget\" data-e-type=\"widget\" data-widget_type=\"heading.default\">\n\t\t\t\t<div class=\"elementor-widget-container\">\n\t\t\t\t\t<h2 class=\"elementor-heading-title elementor-size-default\">Facilitamos Sua Importa\u00e7\u00e3o com Seguran\u00e7a e Agilidade!<\/h2>\t\t\t\t<\/div>\n\t\t\t\t<\/div>\n\t\t\t\t<div class=\"elementor-element elementor-element-e2e8b96 elementor-widget__width-initial elementor-widget elementor-widget-text-editor\" data-id=\"e2e8b96\" data-element_type=\"widget\" data-e-type=\"widget\" data-widget_type=\"text-editor.default\">\n\t\t\t\t<div class=\"elementor-widget-container\">\n\t\t\t\t\t\t\t\t\t<p>Conte com a JRD para trazer seus produtos do exterior sem complica\u00e7\u00f5es. Garantimos um <strong data-start=\"172\" data-end=\"197\">desembara\u00e7o eficiente<\/strong>, conformidade com a legisla\u00e7\u00e3o e um atendimento personalizado para cada opera\u00e7\u00e3o.<\/p>\t\t\t\t\t\t\t\t<\/div>\n\t\t\t\t<\/div>\n\t\t\t\t<div class=\"elementor-element elementor-element-8dbf808 elementor-align-left elementor-widget__width-initial elementor-widget elementor-widget-button\" data-id=\"8dbf808\" data-element_type=\"widget\" data-e-type=\"widget\" data-widget_type=\"button.default\">\n\t\t\t\t<div class=\"elementor-widget-container\">\n\t\t\t\t\t\t\t\t\t<div class=\"elementor-button-wrapper\">\n\t\t\t\t\t<a class=\"elementor-button elementor-button-link elementor-size-sm\" href=\"https:\/\/jrdcomex.com.br\/index.php\/importacao\/\">\n\t\t\t\t\t\t<span class=\"elementor-button-content-wrapper\">\n\t\t\t\t\t\t\t\t\t<span class=\"elementor-button-text\">Saiba Mais sobre importa\u00e7\u00e3o<\/span>\n\t\t\t\t\t<\/span>\n\t\t\t\t\t<\/a>\n\t\t\t\t<\/div>\n\t\t\t\t\t\t\t\t<\/div>\n\t\t\t\t<\/div>\n\t\t\t\t<\/div>\n\t\t\t\t<\/div>\n\t\t\t\t\t<\/div>\n\t\t\t\t<\/div>\n\t\t\t\t<\/div>\n\t\t","protected":false},"excerpt":{"rendered":"<p>SOLU\u00c7\u00d5ES Importa\u00e7\u00e3o e Exporta\u00e7\u00e3o Veja as solu\u00e7\u00f5es completas e personalizadas que a JRD, garantindo efici\u00eancia, agilidade e total conformidade com as normas vigentes. Leve Seu Neg\u00f3cio para o Mundo com a JRD! Expandir suas vendas para o mercado internacional nunca foi t\u00e3o f\u00e1cil. Cuidamos de toda a burocracia para que sua exporta\u00e7\u00e3o seja r\u00e1pida, segura [&hellip;]<\/p>\n","protected":false},"author":1,"featured_media":0,"parent":0,"menu_order":0,"comment_status":"closed","ping_status":"closed","template":"elementor_header_footer","meta":{"footnotes":""},"class_list":["post-87","page","type-page","status-publish","hentry"],"_links":{"self":[{"href":"https:\/\/jrdcomex.com.br\/index.php\/wp-json\/wp\/v2\/pages\/87","targetHints":{"allow":["GET"]}}],"collection":[{"href":"https:\/\/jrdcomex.com.br\/index.php\/wp-json\/wp\/v2\/pages"}],"about":[{"href":"https:\/\/jrdcomex.com.br\/index.php\/wp-json\/wp\/v2\/types\/page"}],"author":[{"embeddable":true,"href":"https:\/\/jrdcomex.com.br\/index.php\/wp-json\/wp\/v2\/users\/1"}],"replies":[{"embeddable":true,"href":"https:\/\/jrdcomex.com.br\/index.php\/wp-json\/wp\/v2\/comments?post=87"}],"version-history":[{"count":16,"href":"https:\/\/jrdcomex.com.br\/index.php\/wp-json\/wp\/v2\/pages\/87\/revisions"}],"predecessor-version":[{"id":597,"href":"https:\/\/jrdcomex.com.br\/index.php\/wp-json\/wp\/v2\/pages\/87\/revisions\/597"}],"wp:attachment":[{"href":"https:\/\/jrdcomex.com.br\/index.php\/wp-json\/wp\/v2\/media?parent=87"}],"curies":[{"name":"wp","href":"https:\/\/api.w.org\/{rel}","templated":true}]}}